{"id":2093,"date":"2024-04-02T17:04:43","date_gmt":"2024-04-02T17:04:43","guid":{"rendered":"https:\/\/www.gilm.pt\/7diascomosmedia\/?page_id=2093"},"modified":"2024-05-03T18:23:07","modified_gmt":"2024-05-03T18:23:07","slug":"edicoes_anteriores","status":"publish","type":"page","link":"https:\/\/www.gilm.pt\/7diascomosmedia\/edicoes_anteriores\/","title":{"rendered":"Edi\u00e7\u00f5es anteriores"},"content":{"rendered":"\t\t<div data-elementor-type=\"wp-page\" data-elementor-id=\"2093\" class=\"elementor elementor-2093\" data-elementor-settings=\"{&quot;ha_cmc_init_switcher&quot;:&quot;no&quot;}\" data-elementor-post-type=\"page\">\n\t\t\t\t<div class=\"has_eae_slider elementor-element elementor-element-8a5067b e-flex e-con-boxed jltma-glass-effect-no e-con e-parent\" data-eae-slider=\"21640\" data-particle_enable=\"false\" data-particle-mobile-disabled=\"false\" data-id=\"8a5067b\" data-element_type=\"container\" data-e-type=\"container\" data-settings=\"{&quot;_ha_eqh_enable&quot;:false}\">\n\t\t\t\t\t<div class=\"e-con-inner\">\n\t\t<div class=\"has_eae_slider elementor-element elementor-element-3c6622d e-flex e-con-boxed jltma-glass-effect-no e-con e-child\" data-eae-slider=\"30136\" data-particle_enable=\"false\" data-particle-mobile-disabled=\"false\" data-id=\"3c6622d\" data-element_type=\"container\" data-e-type=\"container\" data-settings=\"{&quot;_ha_eqh_enable&quot;:false}\">\n\t\t\t\t\t<div class=\"e-con-inner\">\n\t\t<div class=\"has_eae_slider elementor-element elementor-element-7ac8d5c e-flex e-con-boxed jltma-glass-effect-no e-con e-child\" data-eae-slider=\"30300\" data-particle_enable=\"false\" data-particle-mobile-disabled=\"false\" data-id=\"7ac8d5c\" data-element_type=\"container\" data-e-type=\"container\" data-settings=\"{&quot;_ha_eqh_enable&quot;:false}\">\n\t\t\t\t\t<div class=\"e-con-inner\">\n\t\t<div class=\"has_eae_slider elementor-element elementor-element-5bee484 e-con-full e-flex jltma-glass-effect-no e-con e-child\" data-eae-slider=\"12492\" data-particle_enable=\"false\" data-particle-mobile-disabled=\"false\" data-id=\"5bee484\" data-element_type=\"container\" data-e-type=\"container\" data-settings=\"{&quot;_ha_eqh_enable&quot;:false}\">\n\t\t\t\t<div class=\"elementor-element elementor-element-6cca6de jltma-glass-effect-no elementor-widget elementor-widget-heading\" data-id=\"6cca6de\" data-element_type=\"widget\" data-e-type=\"widget\" data-widget_type=\"heading.default\">\n\t\t\t\t<div class=\"elementor-widget-container\">\n\t\t\t\t\t<h2 class=\"elementor-heading-title elementor-size-default\"><b>EDI\u00c7\u00d5ES ANTERIORES<\/b><br>\n7 DIAS COM OS MEDIA<\/h2>\t\t\t\t<\/div>\n\t\t\t\t<\/div>\n\t\t\t\t<div class=\"elementor-element elementor-element-fee096d jltma-glass-effect-no elementor-widget elementor-widget-jet-smart-filters-color-image\" data-id=\"fee096d\" data-element_type=\"widget\" data-e-type=\"widget\" data-widget_type=\"jet-smart-filters-color-image.default\">\n\t\t\t\t<div class=\"elementor-widget-container\">\n\t\t\t\t\t<div class=\"jet-smart-filters-color-image jet-filter \" data-indexer-rule=\"show\" data-show-counter=\"\" data-change-counter=\"always\"><div class=\"jet-color-image-list\" data-query-type=\"tax_query\" data-query-var=\"ano-da-edicao\" data-smart-filter=\"color-image\" data-filter-id=\"2172\" data-apply-type=\"ajax\" data-content-provider=\"jet-engine\" data-additional-providers=\"\" data-query-id=\"default\" data-active-label=\"\" data-layout-options=\"{&quot;show_label&quot;:&quot;&quot;,&quot;display_options&quot;:{&quot;show_items_label&quot;:&quot;yes&quot;,&quot;show_decorator&quot;:false,&quot;filter_image_size&quot;:&quot;full&quot;,&quot;show_counter&quot;:false}}\" data-query-var-suffix=\"\" data-apply-on=\"value\">\n\t<form class=\"jet-color-image-list-wrapper\"><fieldset><legend style=\"display:none;\">Edi\u00e7\u00e3o<\/legend><div class=\"jet-color-image-list__row jet-filter-row\">\n\t<label\n\t\tclass=\"jet-color-image-list__item\"\n\t\t\t>\n\t\t<input\n\t\t\ttype=\"radio\"\n\t\t\tclass=\"jet-color-image-list__input\"\n\t\t\tname=\"ano-da-edicao\"\n\t\t\tvalue=\"28\"\n\t\t\tdata-label=\"Edi\u00e7\u00e3o 2024 &gt;\"\n\t\t\t\t\t\taria-label=\"Edi\u00e7\u00e3o 2024 &gt;\"\n\t\t\t\t\t>\n\t\t<div class=\"jet-color-image-list__button\">\n\t\t\t\t\t\t\t<span class=\"jet-color-image-list__decorator\">\n\t\t\t\t\t\n\t\t\t\t\t\t\t\t\t\t\t<span class=\"jet-color-image-list__image\">\n\t\t\t\t\t\t\t<img decoding=\"async\" src=\"https:\/\/www.gilm.pt\/7diascomosmedia\/wp-content\/plugins\/jet-smart-filters\/assets\/images\/placeholder.png\" alt=\"Edi\u00e7\u00e3o 2024 &gt;\">\n\t\t\t\t\t\t<\/span>\n\t\t\t\t\t\t\t\t\t<\/span>\n\t\t\t\t\t\t\t\t\t\t<span class=\"jet-color-image-list__label\">\n\t\t\t\t\tEdi\u00e7\u00e3o 2024 &gt;\t\t\t\t<\/span>\n\t\t\t\t\t\t\t\t<\/div>\n\t<\/label>\n<\/div><div class=\"jet-color-image-list__row jet-filter-row\">\n\t<label\n\t\tclass=\"jet-color-image-list__item\"\n\t\t\t>\n\t\t<input\n\t\t\ttype=\"radio\"\n\t\t\tclass=\"jet-color-image-list__input\"\n\t\t\tname=\"ano-da-edicao\"\n\t\t\tvalue=\"25\"\n\t\t\tdata-label=\"Edi\u00e7\u00e3o 2023 &gt;\"\n\t\t\t\t\t\taria-label=\"Edi\u00e7\u00e3o 2023 &gt;\"\n\t\t\t\t\t>\n\t\t<div class=\"jet-color-image-list__button\">\n\t\t\t\t\t\t\t<span class=\"jet-color-image-list__decorator\">\n\t\t\t\t\t\n\t\t\t\t\t\t\t\t\t\t\t<span class=\"jet-color-image-list__image\">\n\t\t\t\t\t\t\t<img decoding=\"async\" src=\"https:\/\/www.gilm.pt\/7diascomosmedia\/wp-content\/plugins\/jet-smart-filters\/assets\/images\/placeholder.png\" alt=\"Edi\u00e7\u00e3o 2023 &gt;\">\n\t\t\t\t\t\t<\/span>\n\t\t\t\t\t\t\t\t\t<\/span>\n\t\t\t\t\t\t\t\t\t\t<span class=\"jet-color-image-list__label\">\n\t\t\t\t\tEdi\u00e7\u00e3o 2023 &gt;\t\t\t\t<\/span>\n\t\t\t\t\t\t\t\t<\/div>\n\t<\/label>\n<\/div><div class=\"jet-color-image-list__row jet-filter-row\">\n\t<label\n\t\tclass=\"jet-color-image-list__item\"\n\t\t\t>\n\t\t<input\n\t\t\ttype=\"radio\"\n\t\t\tclass=\"jet-color-image-list__input\"\n\t\t\tname=\"ano-da-edicao\"\n\t\t\tvalue=\"11\"\n\t\t\tdata-label=\"Edi\u00e7\u00e3o 2022 &gt;\"\n\t\t\t\t\t\taria-label=\"Edi\u00e7\u00e3o 2022 &gt;\"\n\t\t\t\t\t>\n\t\t<div class=\"jet-color-image-list__button\">\n\t\t\t\t\t\t\t<span class=\"jet-color-image-list__decorator\">\n\t\t\t\t\t\n\t\t\t\t\t\t\t\t\t\t\t<span class=\"jet-color-image-list__image\">\n\t\t\t\t\t\t\t<img decoding=\"async\" src=\"https:\/\/www.gilm.pt\/7diascomosmedia\/wp-content\/plugins\/jet-smart-filters\/assets\/images\/placeholder.png\" alt=\"Edi\u00e7\u00e3o 2022 &gt;\">\n\t\t\t\t\t\t<\/span>\n\t\t\t\t\t\t\t\t\t<\/span>\n\t\t\t\t\t\t\t\t\t\t<span class=\"jet-color-image-list__label\">\n\t\t\t\t\tEdi\u00e7\u00e3o 2022 &gt;\t\t\t\t<\/span>\n\t\t\t\t\t\t\t\t<\/div>\n\t<\/label>\n<\/div><div class=\"jet-color-image-list__row jet-filter-row\">\n\t<label\n\t\tclass=\"jet-color-image-list__item\"\n\t\t\t>\n\t\t<input\n\t\t\ttype=\"radio\"\n\t\t\tclass=\"jet-color-image-list__input\"\n\t\t\tname=\"ano-da-edicao\"\n\t\t\tvalue=\"21\"\n\t\t\tdata-label=\"Edi\u00e7\u00e3o 2021 &gt;\"\n\t\t\t\t\t\taria-label=\"Edi\u00e7\u00e3o 2021 &gt;\"\n\t\t\t\t\t>\n\t\t<div class=\"jet-color-image-list__button\">\n\t\t\t\t\t\t\t<span class=\"jet-color-image-list__decorator\">\n\t\t\t\t\t\n\t\t\t\t\t\t\t\t\t\t\t<span class=\"jet-color-image-list__image\">\n\t\t\t\t\t\t\t<img decoding=\"async\" src=\"https:\/\/www.gilm.pt\/7diascomosmedia\/wp-content\/plugins\/jet-smart-filters\/assets\/images\/placeholder.png\" alt=\"Edi\u00e7\u00e3o 2021 &gt;\">\n\t\t\t\t\t\t<\/span>\n\t\t\t\t\t\t\t\t\t<\/span>\n\t\t\t\t\t\t\t\t\t\t<span class=\"jet-color-image-list__label\">\n\t\t\t\t\tEdi\u00e7\u00e3o 2021 &gt;\t\t\t\t<\/span>\n\t\t\t\t\t\t\t\t<\/div>\n\t<\/label>\n<\/div><div class=\"jet-color-image-list__row jet-filter-row\">\n\t<label\n\t\tclass=\"jet-color-image-list__item\"\n\t\t\t>\n\t\t<input\n\t\t\ttype=\"radio\"\n\t\t\tclass=\"jet-color-image-list__input\"\n\t\t\tname=\"ano-da-edicao\"\n\t\t\tvalue=\"20\"\n\t\t\tdata-label=\"Edi\u00e7\u00e3o 2020 &gt;\"\n\t\t\t\t\t\taria-label=\"Edi\u00e7\u00e3o 2020 &gt;\"\n\t\t\t\t\t>\n\t\t<div class=\"jet-color-image-list__button\">\n\t\t\t\t\t\t\t<span class=\"jet-color-image-list__decorator\">\n\t\t\t\t\t\n\t\t\t\t\t\t\t\t\t\t\t<span class=\"jet-color-image-list__image\">\n\t\t\t\t\t\t\t<img decoding=\"async\" src=\"https:\/\/www.gilm.pt\/7diascomosmedia\/wp-content\/plugins\/jet-smart-filters\/assets\/images\/placeholder.png\" alt=\"Edi\u00e7\u00e3o 2020 &gt;\">\n\t\t\t\t\t\t<\/span>\n\t\t\t\t\t\t\t\t\t<\/span>\n\t\t\t\t\t\t\t\t\t\t<span class=\"jet-color-image-list__label\">\n\t\t\t\t\tEdi\u00e7\u00e3o 2020 &gt;\t\t\t\t<\/span>\n\t\t\t\t\t\t\t\t<\/div>\n\t<\/label>\n<\/div><div class=\"jet-color-image-list__row jet-filter-row\">\n\t<label\n\t\tclass=\"jet-color-image-list__item\"\n\t\t\t>\n\t\t<input\n\t\t\ttype=\"radio\"\n\t\t\tclass=\"jet-color-image-list__input\"\n\t\t\tname=\"ano-da-edicao\"\n\t\t\tvalue=\"19\"\n\t\t\tdata-label=\"Edi\u00e7\u00e3o 2019 &gt;\"\n\t\t\t\t\t\taria-label=\"Edi\u00e7\u00e3o 2019 &gt;\"\n\t\t\t\t\t>\n\t\t<div class=\"jet-color-image-list__button\">\n\t\t\t\t\t\t\t<span class=\"jet-color-image-list__decorator\">\n\t\t\t\t\t\n\t\t\t\t\t\t\t\t\t\t\t<span class=\"jet-color-image-list__image\">\n\t\t\t\t\t\t\t<img decoding=\"async\" src=\"https:\/\/www.gilm.pt\/7diascomosmedia\/wp-content\/plugins\/jet-smart-filters\/assets\/images\/placeholder.png\" alt=\"Edi\u00e7\u00e3o 2019 &gt;\">\n\t\t\t\t\t\t<\/span>\n\t\t\t\t\t\t\t\t\t<\/span>\n\t\t\t\t\t\t\t\t\t\t<span class=\"jet-color-image-list__label\">\n\t\t\t\t\tEdi\u00e7\u00e3o 2019 &gt;\t\t\t\t<\/span>\n\t\t\t\t\t\t\t\t<\/div>\n\t<\/label>\n<\/div><div class=\"jet-color-image-list__row jet-filter-row\">\n\t<label\n\t\tclass=\"jet-color-image-list__item\"\n\t\t\t>\n\t\t<input\n\t\t\ttype=\"radio\"\n\t\t\tclass=\"jet-color-image-list__input\"\n\t\t\tname=\"ano-da-edicao\"\n\t\t\tvalue=\"18\"\n\t\t\tdata-label=\"Edi\u00e7\u00e3o 2018 &gt;\"\n\t\t\t\t\t\taria-label=\"Edi\u00e7\u00e3o 2018 &gt;\"\n\t\t\t\t\t>\n\t\t<div class=\"jet-color-image-list__button\">\n\t\t\t\t\t\t\t<span class=\"jet-color-image-list__decorator\">\n\t\t\t\t\t\n\t\t\t\t\t\t\t\t\t\t\t<span class=\"jet-color-image-list__image\">\n\t\t\t\t\t\t\t<img decoding=\"async\" src=\"https:\/\/www.gilm.pt\/7diascomosmedia\/wp-content\/plugins\/jet-smart-filters\/assets\/images\/placeholder.png\" alt=\"Edi\u00e7\u00e3o 2018 &gt;\">\n\t\t\t\t\t\t<\/span>\n\t\t\t\t\t\t\t\t\t<\/span>\n\t\t\t\t\t\t\t\t\t\t<span class=\"jet-color-image-list__label\">\n\t\t\t\t\tEdi\u00e7\u00e3o 2018 &gt;\t\t\t\t<\/span>\n\t\t\t\t\t\t\t\t<\/div>\n\t<\/label>\n<\/div><div class=\"jet-color-image-list__row jet-filter-row\">\n\t<label\n\t\tclass=\"jet-color-image-list__item\"\n\t\t\t>\n\t\t<input\n\t\t\ttype=\"radio\"\n\t\t\tclass=\"jet-color-image-list__input\"\n\t\t\tname=\"ano-da-edicao\"\n\t\t\tvalue=\"17\"\n\t\t\tdata-label=\"Edi\u00e7\u00e3o 2017 &gt;\"\n\t\t\t\t\t\taria-label=\"Edi\u00e7\u00e3o 2017 &gt;\"\n\t\t\t\t\t>\n\t\t<div class=\"jet-color-image-list__button\">\n\t\t\t\t\t\t\t<span class=\"jet-color-image-list__decorator\">\n\t\t\t\t\t\n\t\t\t\t\t\t\t\t\t\t\t<span class=\"jet-color-image-list__image\">\n\t\t\t\t\t\t\t<img decoding=\"async\" src=\"https:\/\/www.gilm.pt\/7diascomosmedia\/wp-content\/plugins\/jet-smart-filters\/assets\/images\/placeholder.png\" alt=\"Edi\u00e7\u00e3o 2017 &gt;\">\n\t\t\t\t\t\t<\/span>\n\t\t\t\t\t\t\t\t\t<\/span>\n\t\t\t\t\t\t\t\t\t\t<span class=\"jet-color-image-list__label\">\n\t\t\t\t\tEdi\u00e7\u00e3o 2017 &gt;\t\t\t\t<\/span>\n\t\t\t\t\t\t\t\t<\/div>\n\t<\/label>\n<\/div><div class=\"jet-color-image-list__row jet-filter-row\">\n\t<label\n\t\tclass=\"jet-color-image-list__item\"\n\t\t\t>\n\t\t<input\n\t\t\ttype=\"radio\"\n\t\t\tclass=\"jet-color-image-list__input\"\n\t\t\tname=\"ano-da-edicao\"\n\t\t\tvalue=\"16\"\n\t\t\tdata-label=\"Edi\u00e7\u00e3o 2016 &gt;\"\n\t\t\t\t\t\taria-label=\"Edi\u00e7\u00e3o 2016 &gt;\"\n\t\t\t\t\t>\n\t\t<div class=\"jet-color-image-list__button\">\n\t\t\t\t\t\t\t<span class=\"jet-color-image-list__decorator\">\n\t\t\t\t\t\n\t\t\t\t\t\t\t\t\t\t\t<span class=\"jet-color-image-list__image\">\n\t\t\t\t\t\t\t<img decoding=\"async\" src=\"https:\/\/www.gilm.pt\/7diascomosmedia\/wp-content\/plugins\/jet-smart-filters\/assets\/images\/placeholder.png\" alt=\"Edi\u00e7\u00e3o 2016 &gt;\">\n\t\t\t\t\t\t<\/span>\n\t\t\t\t\t\t\t\t\t<\/span>\n\t\t\t\t\t\t\t\t\t\t<span class=\"jet-color-image-list__label\">\n\t\t\t\t\tEdi\u00e7\u00e3o 2016 &gt;\t\t\t\t<\/span>\n\t\t\t\t\t\t\t\t<\/div>\n\t<\/label>\n<\/div><div class=\"jet-color-image-list__row jet-filter-row\">\n\t<label\n\t\tclass=\"jet-color-image-list__item\"\n\t\t\t>\n\t\t<input\n\t\t\ttype=\"radio\"\n\t\t\tclass=\"jet-color-image-list__input\"\n\t\t\tname=\"ano-da-edicao\"\n\t\t\tvalue=\"15\"\n\t\t\tdata-label=\"Edi\u00e7\u00e3o 2015 &gt;\"\n\t\t\t\t\t\taria-label=\"Edi\u00e7\u00e3o 2015 &gt;\"\n\t\t\t\t\t>\n\t\t<div class=\"jet-color-image-list__button\">\n\t\t\t\t\t\t\t<span class=\"jet-color-image-list__decorator\">\n\t\t\t\t\t\n\t\t\t\t\t\t\t\t\t\t\t<span class=\"jet-color-image-list__image\">\n\t\t\t\t\t\t\t<img decoding=\"async\" src=\"https:\/\/www.gilm.pt\/7diascomosmedia\/wp-content\/plugins\/jet-smart-filters\/assets\/images\/placeholder.png\" alt=\"Edi\u00e7\u00e3o 2015 &gt;\">\n\t\t\t\t\t\t<\/span>\n\t\t\t\t\t\t\t\t\t<\/span>\n\t\t\t\t\t\t\t\t\t\t<span class=\"jet-color-image-list__label\">\n\t\t\t\t\tEdi\u00e7\u00e3o 2015 &gt;\t\t\t\t<\/span>\n\t\t\t\t\t\t\t\t<\/div>\n\t<\/label>\n<\/div><div class=\"jet-color-image-list__row jet-filter-row\">\n\t<label\n\t\tclass=\"jet-color-image-list__item\"\n\t\t\t>\n\t\t<input\n\t\t\ttype=\"radio\"\n\t\t\tclass=\"jet-color-image-list__input\"\n\t\t\tname=\"ano-da-edicao\"\n\t\t\tvalue=\"14\"\n\t\t\tdata-label=\"Edi\u00e7\u00e3o 2014 &gt;\"\n\t\t\t\t\t\taria-label=\"Edi\u00e7\u00e3o 2014 &gt;\"\n\t\t\t\t\t>\n\t\t<div class=\"jet-color-image-list__button\">\n\t\t\t\t\t\t\t<span class=\"jet-color-image-list__decorator\">\n\t\t\t\t\t\n\t\t\t\t\t\t\t\t\t\t\t<span class=\"jet-color-image-list__image\">\n\t\t\t\t\t\t\t<img decoding=\"async\" src=\"https:\/\/www.gilm.pt\/7diascomosmedia\/wp-content\/plugins\/jet-smart-filters\/assets\/images\/placeholder.png\" alt=\"Edi\u00e7\u00e3o 2014 &gt;\">\n\t\t\t\t\t\t<\/span>\n\t\t\t\t\t\t\t\t\t<\/span>\n\t\t\t\t\t\t\t\t\t\t<span class=\"jet-color-image-list__label\">\n\t\t\t\t\tEdi\u00e7\u00e3o 2014 &gt;\t\t\t\t<\/span>\n\t\t\t\t\t\t\t\t<\/div>\n\t<\/label>\n<\/div><div class=\"jet-color-image-list__row jet-filter-row\">\n\t<label\n\t\tclass=\"jet-color-image-list__item\"\n\t\t\t>\n\t\t<input\n\t\t\ttype=\"radio\"\n\t\t\tclass=\"jet-color-image-list__input\"\n\t\t\tname=\"ano-da-edicao\"\n\t\t\tvalue=\"13\"\n\t\t\tdata-label=\"Edi\u00e7\u00e3o 2013 &gt;\"\n\t\t\t\t\t\taria-label=\"Edi\u00e7\u00e3o 2013 &gt;\"\n\t\t\t\t\t>\n\t\t<div class=\"jet-color-image-list__button\">\n\t\t\t\t\t\t\t<span class=\"jet-color-image-list__decorator\">\n\t\t\t\t\t\n\t\t\t\t\t\t\t\t\t\t\t<span class=\"jet-color-image-list__image\">\n\t\t\t\t\t\t\t<img decoding=\"async\" src=\"https:\/\/www.gilm.pt\/7diascomosmedia\/wp-content\/plugins\/jet-smart-filters\/assets\/images\/placeholder.png\" alt=\"Edi\u00e7\u00e3o 2013 &gt;\">\n\t\t\t\t\t\t<\/span>\n\t\t\t\t\t\t\t\t\t<\/span>\n\t\t\t\t\t\t\t\t\t\t<span class=\"jet-color-image-list__label\">\n\t\t\t\t\tEdi\u00e7\u00e3o 2013 &gt;\t\t\t\t<\/span>\n\t\t\t\t\t\t\t\t<\/div>\n\t<\/label>\n<\/div><div class=\"jet-color-image-list__row jet-filter-row\">\n\t<label\n\t\tclass=\"jet-color-image-list__item\"\n\t\t\t>\n\t\t<input\n\t\t\ttype=\"radio\"\n\t\t\tclass=\"jet-color-image-list__input\"\n\t\t\tname=\"ano-da-edicao\"\n\t\t\tvalue=\"12\"\n\t\t\tdata-label=\"Edi\u00e7\u00e3o 2012 &gt;\"\n\t\t\t\t\t\taria-label=\"Edi\u00e7\u00e3o 2012 &gt;\"\n\t\t\t\t\t>\n\t\t<div class=\"jet-color-image-list__button\">\n\t\t\t\t\t\t\t<span class=\"jet-color-image-list__decorator\">\n\t\t\t\t\t\n\t\t\t\t\t\t\t\t\t\t\t<span class=\"jet-color-image-list__image\">\n\t\t\t\t\t\t\t<img decoding=\"async\" src=\"https:\/\/www.gilm.pt\/7diascomosmedia\/wp-content\/plugins\/jet-smart-filters\/assets\/images\/placeholder.png\" alt=\"Edi\u00e7\u00e3o 2012 &gt;\">\n\t\t\t\t\t\t<\/span>\n\t\t\t\t\t\t\t\t\t<\/span>\n\t\t\t\t\t\t\t\t\t\t<span class=\"jet-color-image-list__label\">\n\t\t\t\t\tEdi\u00e7\u00e3o 2012 &gt;\t\t\t\t<\/span>\n\t\t\t\t\t\t\t\t<\/div>\n\t<\/label>\n<\/div><\/fieldset><\/form><\/div>\n<\/div>\t\t\t\t<\/div>\n\t\t\t\t<\/div>\n\t\t\t\t<\/div>\n\t\t<div class=\"has_eae_slider elementor-element elementor-element-f029242 e-flex e-con-boxed jltma-glass-effect-no e-con e-child\" data-eae-slider=\"45295\" data-particle_enable=\"false\" data-particle-mobile-disabled=\"false\" data-id=\"f029242\" data-element_type=\"container\" data-e-type=\"container\" data-settings=\"{&quot;_ha_eqh_enable&quot;:false}\">\n\t\t\t\t\t<div class=\"e-con-inner\">\n\t\t\t\t<div class=\"elementor-element elementor-element-26426b4 jltma-glass-effect-no elementor-widget elementor-widget-jet-listing-grid\" data-id=\"26426b4\" data-element_type=\"widget\" data-e-type=\"widget\" data-settings=\"{&quot;columns&quot;:3}\" data-widget_type=\"jet-listing-grid.default\">\n\t\t\t\t<div class=\"elementor-widget-container\">\n\t\t\t\t\t<div class=\"jet-listing-grid jet-listing-grid--lazy-load jet-listing jet-listing-grid-loading\" data-lazy-load=\"{&quot;offset&quot;:&quot;0px&quot;,&quot;post_id&quot;:2093,&quot;queried_id&quot;:&quot;2093|WP_Post&quot;}\"><div class=\"jet-listing-grid__loader\"><div class=\"jet-listing-grid__loader-spinner\"><\/div><\/div><\/div>\t\t\t\t<\/div>\n\t\t\t\t<\/div>\n\t\t\t\t\t<\/div>\n\t\t\t\t<\/div>\n\t\t\t\t\t<\/div>\n\t\t\t\t<\/div>\n\t\t\t\t\t<\/div>\n\t\t\t\t<\/div>\n\t\t\t\t\t<\/div>\n\t\t\t\t<\/div>\n\t\t\t\t<\/div>\n\t\t","protected":false},"excerpt":{"rendered":"<p>EDI\u00c7\u00d5ES ANTERIORES 7 DIAS COM OS MEDIA &#8220;> Edi\u00e7\u00e3o 2023 > &#8220;> Edi\u00e7\u00e3o 2022 > &#8220;> Edi\u00e7\u00e3o 2021 > &#8220;> Edi\u00e7\u00e3o 2020 > &#8220;> Edi\u00e7\u00e3o 2019 > &#8220;> Edi\u00e7\u00e3o 2018 > &#8220;> Edi\u00e7\u00e3o 2017 > &#8220;> Edi\u00e7\u00e3o 2016 > &#8220;> Edi\u00e7\u00e3o 2015 > &#8220;> Edi\u00e7\u00e3o 2014 > &#8220;> Edi\u00e7\u00e3o 2013 > &#8220;> Edi\u00e7\u00e3o 2012 ><\/p>\n","protected":false},"author":1,"featured_media":0,"parent":0,"menu_order":0,"comment_status":"closed","ping_status":"closed","template":"","meta":{"om_disable_all_campaigns":false,"site-sidebar-layout":"no-sidebar","site-content-layout":"page-builder","ast-site-content-layout":"full-width-container","site-content-style":"default","site-sidebar-style":"default","ast-global-header-display":"","ast-banner-title-visibility":"","ast-main-header-display":"","ast-hfb-above-header-display":"","ast-hfb-below-header-display":"","ast-hfb-mobile-header-display":"","site-post-title":"disabled","ast-breadcrumbs-content":"","ast-featured-img":"disabled","footer-sml-layout":"","ast-disable-related-posts":"","theme-transparent-header-meta":"","adv-header-id-meta":"","stick-header-meta":"","header-above-stick-meta":"","header-main-stick-meta":"","header-below-stick-meta":"","astra-migrate-meta-layouts":"set","ast-page-background-enabled":"default","ast-page-background-meta":{"desktop":{"background-color":"var(--ast-global-color-4)","background-image":"","background-repeat":"repeat","background-position":"center center","background-size":"auto","background-attachment":"scroll","background-type":"","background-media":"","overlay-type":"","overlay-color":"","overlay-opacity":"","overlay-gradient":""},"tablet":{"background-color":"","background-image":"","background-repeat":"repeat","background-position":"center center","background-size":"auto","background-attachment":"scroll","background-type":"","background-media":"","overlay-type":"","overlay-color":"","overlay-opacity":"","overlay-gradient":""},"mobile":{"background-color":"","background-image":"","background-repeat":"repeat","background-position":"center center","background-size":"auto","background-attachment":"scroll","background-type":"","background-media":"","overlay-type":"","overlay-color":"","overlay-opacity":"","overlay-gradient":""}},"ast-content-background-meta":{"desktop":{"background-color":"var(--ast-global-color-5)","background-image":"","background-repeat":"repeat","background-position":"center center","background-size":"auto","background-attachment":"scroll","background-type":"","background-media":"","overlay-type":"","overlay-color":"","overlay-opacity":"","overlay-gradient":""},"tablet":{"background-color":"var(--ast-global-color-5)","background-image":"","background-repeat":"repeat","background-position":"center center","background-size":"auto","background-attachment":"scroll","background-type":"","background-media":"","overlay-type":"","overlay-color":"","overlay-opacity":"","overlay-gradient":""},"mobile":{"background-color":"var(--ast-global-color-5)","background-image":"","background-repeat":"repeat","background-position":"center center","background-size":"auto","background-attachment":"scroll","background-type":"","background-media":"","overlay-type":"","overlay-color":"","overlay-opacity":"","overlay-gradient":""}},"footnotes":""},"class_list":["post-2093","page","type-page","status-publish","hentry"],"_links":{"self":[{"href":"https:\/\/www.gilm.pt\/7diascomosmedia\/wp-json\/wp\/v2\/pages\/2093","targetHints":{"allow":["GET"]}}],"collection":[{"href":"https:\/\/www.gilm.pt\/7diascomosmedia\/wp-json\/wp\/v2\/pages"}],"about":[{"href":"https:\/\/www.gilm.pt\/7diascomosmedia\/wp-json\/wp\/v2\/types\/page"}],"author":[{"embeddable":true,"href":"https:\/\/www.gilm.pt\/7diascomosmedia\/wp-json\/wp\/v2\/users\/1"}],"replies":[{"embeddable":true,"href":"https:\/\/www.gilm.pt\/7diascomosmedia\/wp-json\/wp\/v2\/comments?post=2093"}],"version-history":[{"count":5,"href":"https:\/\/www.gilm.pt\/7diascomosmedia\/wp-json\/wp\/v2\/pages\/2093\/revisions"}],"predecessor-version":[{"id":2979,"href":"https:\/\/www.gilm.pt\/7diascomosmedia\/wp-json\/wp\/v2\/pages\/2093\/revisions\/2979"}],"wp:attachment":[{"href":"https:\/\/www.gilm.pt\/7diascomosmedia\/wp-json\/wp\/v2\/media?parent=2093"}],"curies":[{"name":"wp","href":"https:\/\/api.w.org\/{rel}","templated":true}]}}