{"id":1788,"date":"2024-03-25T12:13:05","date_gmt":"2024-03-25T12:13:05","guid":{"rendered":"https:\/\/www.gilm.pt\/7diascomosmedia\/?page_id=1788"},"modified":"2026-04-16T17:32:08","modified_gmt":"2026-04-16T17:32:08","slug":"materiais-de-apoio","status":"publish","type":"page","link":"https:\/\/www.gilm.pt\/7diascomosmedia\/materiais-de-apoio\/","title":{"rendered":"Materiais de apoio"},"content":{"rendered":"\t\t<div data-elementor-type=\"wp-page\" data-elementor-id=\"1788\" class=\"elementor elementor-1788\" data-elementor-settings=\"{&quot;ha_cmc_init_switcher&quot;:&quot;no&quot;}\" data-elementor-post-type=\"page\">\n\t\t\t\t<div class=\"has_eae_slider elementor-element elementor-element-593c3ed e-flex e-con-boxed jltma-glass-effect-no e-con e-parent\" data-eae-slider=\"67683\" data-particle_enable=\"false\" data-particle-mobile-disabled=\"false\" data-id=\"593c3ed\" data-element_type=\"container\" data-e-type=\"container\" data-settings=\"{&quot;background_background&quot;:&quot;classic&quot;,&quot;_ha_eqh_enable&quot;:false}\">\n\t\t\t\t\t<div class=\"e-con-inner\">\n\t\t\t\t\t<\/div>\n\t\t\t\t<\/div>\n\t\t<div class=\"has_eae_slider elementor-element elementor-element-2fe31c9 e-flex e-con-boxed jltma-glass-effect-no e-con e-parent\" data-eae-slider=\"15598\" data-particle_enable=\"false\" data-particle-mobile-disabled=\"false\" data-id=\"2fe31c9\" data-element_type=\"container\" data-e-type=\"container\" data-settings=\"{&quot;_ha_eqh_enable&quot;:false}\">\n\t\t\t\t\t<div class=\"e-con-inner\">\n\t\t<div class=\"has_eae_slider elementor-element elementor-element-7855abb e-flex e-con-boxed jltma-glass-effect-no e-con e-child\" data-eae-slider=\"69030\" data-particle_enable=\"false\" data-particle-mobile-disabled=\"false\" data-id=\"7855abb\" data-element_type=\"container\" data-e-type=\"container\" data-settings=\"{&quot;_ha_eqh_enable&quot;:false}\">\n\t\t\t\t\t<div class=\"e-con-inner\">\n\t\t\t\t<div class=\"elementor-element elementor-element-d630277 jltma-glass-effect-no elementor-widget elementor-widget-heading\" data-id=\"d630277\" data-element_type=\"widget\" data-e-type=\"widget\" data-widget_type=\"heading.default\">\n\t\t\t\t<div class=\"elementor-widget-container\">\n\t\t\t\t\t<h2 class=\"elementor-heading-title elementor-size-default\">Desafios e Recursos<\/h2>\t\t\t\t<\/div>\n\t\t\t\t<\/div>\n\t\t\t\t<div class=\"elementor-element elementor-element-436bcc1 jltma-glass-effect-no elementor-widget elementor-widget-image\" data-id=\"436bcc1\" data-element_type=\"widget\" data-e-type=\"widget\" data-widget_type=\"image.default\">\n\t\t\t\t<div class=\"elementor-widget-container\">\n\t\t\t\t\t\t\t\t\t\t\t\t\t\t\t<img fetchpriority=\"high\" decoding=\"async\" width=\"1178\" height=\"67\" src=\"https:\/\/www.gilm.pt\/7diascomosmedia\/wp-content\/uploads\/2024\/03\/Ativo-12503.png\" class=\"attachment-full size-full wp-image-1791\" alt=\"\" srcset=\"https:\/\/www.gilm.pt\/7diascomosmedia\/wp-content\/uploads\/2024\/03\/Ativo-12503.png 1178w, https:\/\/www.gilm.pt\/7diascomosmedia\/wp-content\/uploads\/2024\/03\/Ativo-12503-300x17.png 300w, https:\/\/www.gilm.pt\/7diascomosmedia\/wp-content\/uploads\/2024\/03\/Ativo-12503-1024x58.png 1024w, https:\/\/www.gilm.pt\/7diascomosmedia\/wp-content\/uploads\/2024\/03\/Ativo-12503-768x44.png 768w\" sizes=\"(max-width: 1178px) 100vw, 1178px\" \/>\t\t\t\t\t\t\t\t\t\t\t\t\t\t\t<\/div>\n\t\t\t\t<\/div>\n\t\t\t\t<div class=\"elementor-element elementor-element-b5e1d36 jltma-glass-effect-no elementor-widget elementor-widget-ma-creative-buttons jltma-addon ma-creative-buttons\" data-id=\"b5e1d36\" data-element_type=\"widget\" data-e-type=\"widget\" data-widget_type=\"ma-creative-buttons.default\">\n\t\t\t\t<div class=\"elementor-widget-container\">\n\t\t\t\t\t\n\t\t<div class=\"jltma-creative-button-wrapper\">\n\t\t\t<a class=\"jltma-button jltma-creative-button jltma-creative-button--default\" href=\"https:\/\/www.gilm.pt\/7diascomosmedia\/nossos-desafios\/\" data-text=\"Go!\">\n\t\t\t\t\t\t\t\t<span>\n\t\t\t\t\tDesafios\t\t\t\t<\/span>\n\t\t\t\t\t\t\t<\/a>\n\t\t<\/div>\n\n\t\t\t\t<\/div>\n\t\t\t\t<\/div>\n\t\t\t\t<div class=\"elementor-element elementor-element-1fa3a23 jltma-glass-effect-no elementor-widget elementor-widget-ma-creative-buttons jltma-addon ma-creative-buttons\" data-id=\"1fa3a23\" data-element_type=\"widget\" data-e-type=\"widget\" data-widget_type=\"ma-creative-buttons.default\">\n\t\t\t\t<div class=\"elementor-widget-container\">\n\t\t\t\t\t\n\t\t<div class=\"jltma-creative-button-wrapper\">\n\t\t\t<a class=\"jltma-button jltma-creative-button jltma-creative-button--default\" href=\"https:\/\/www.gilm.pt\/7diascomosmedia\/nossos-desafios\/\" data-text=\"Go!\">\n\t\t\t\t\t\t\t\t<span>\n\t\t\t\t\tDesafios 7 Dias com os Media 2026\t\t\t\t<\/span>\n\t\t\t\t\t\t\t<\/a>\n\t\t<\/div>\n\n\t\t\t\t<\/div>\n\t\t\t\t<\/div>\n\t\t\t\t<div class=\"elementor-element elementor-element-4e251d5 jltma-glass-effect-no elementor-widget elementor-widget-image\" data-id=\"4e251d5\" data-element_type=\"widget\" data-e-type=\"widget\" data-widget_type=\"image.default\">\n\t\t\t\t<div class=\"elementor-widget-container\">\n\t\t\t\t\t\t\t\t\t\t\t\t\t\t\t<img decoding=\"async\" width=\"1178\" height=\"67\" src=\"https:\/\/www.gilm.pt\/7diascomosmedia\/wp-content\/uploads\/2024\/03\/Ativo-22503.png\" class=\"attachment-full size-full wp-image-1792\" alt=\"\" srcset=\"https:\/\/www.gilm.pt\/7diascomosmedia\/wp-content\/uploads\/2024\/03\/Ativo-22503.png 1178w, https:\/\/www.gilm.pt\/7diascomosmedia\/wp-content\/uploads\/2024\/03\/Ativo-22503-300x17.png 300w, https:\/\/www.gilm.pt\/7diascomosmedia\/wp-content\/uploads\/2024\/03\/Ativo-22503-1024x58.png 1024w, https:\/\/www.gilm.pt\/7diascomosmedia\/wp-content\/uploads\/2024\/03\/Ativo-22503-768x44.png 768w\" sizes=\"(max-width: 1178px) 100vw, 1178px\" \/>\t\t\t\t\t\t\t\t\t\t\t\t\t\t\t<\/div>\n\t\t\t\t<\/div>\n\t\t\t\t<div class=\"elementor-element elementor-element-8e248d8 jltma-glass-effect-no elementor-widget elementor-widget-text-editor\" data-id=\"8e248d8\" data-element_type=\"widget\" data-e-type=\"widget\" data-widget_type=\"text-editor.default\">\n\t\t\t\t<div class=\"elementor-widget-container\">\n\t\t\t\t\t\t\t\t\t<p>Referenciais\/outros documentos:<\/p><p><a href=\"https:\/\/www.dge.mec.pt\/educacao-para-os-media\" target=\"_blank\" rel=\"noopener\"><strong>Referencial de Educa\u00e7\u00e3o para os Media<\/strong><\/a><\/p><p><a href=\"https:\/\/www.rbe.mec.pt\/np4\/AcBE.html\" target=\"_blank\" rel=\"noopener\"><strong>Aprender com a Biblioteca Escolar<\/strong><\/a><\/p><p><a href=\"https:\/\/www.rbe.mec.pt\/np4\/bed-tutoriais\" target=\"_blank\" rel=\"noopener\"><strong>Biblioteca escolar digital \u2013 Tutoriais informa\u00e7\u00e3o e media<\/strong><\/a><\/p>\t\t\t\t\t\t\t\t<\/div>\n\t\t\t\t<\/div>\n\t\t\t\t<div class=\"elementor-element elementor-element-5f19196 jltma-glass-effect-no elementor-widget elementor-widget-image\" data-id=\"5f19196\" data-element_type=\"widget\" data-e-type=\"widget\" data-widget_type=\"image.default\">\n\t\t\t\t<div class=\"elementor-widget-container\">\n\t\t\t\t\t\t\t\t\t\t\t\t\t\t\t<img decoding=\"async\" width=\"1178\" height=\"67\" src=\"https:\/\/www.gilm.pt\/7diascomosmedia\/wp-content\/uploads\/2024\/03\/Ativo-32503.png\" class=\"attachment-full size-full wp-image-1793\" alt=\"\" srcset=\"https:\/\/www.gilm.pt\/7diascomosmedia\/wp-content\/uploads\/2024\/03\/Ativo-32503.png 1178w, https:\/\/www.gilm.pt\/7diascomosmedia\/wp-content\/uploads\/2024\/03\/Ativo-32503-300x17.png 300w, https:\/\/www.gilm.pt\/7diascomosmedia\/wp-content\/uploads\/2024\/03\/Ativo-32503-1024x58.png 1024w, https:\/\/www.gilm.pt\/7diascomosmedia\/wp-content\/uploads\/2024\/03\/Ativo-32503-768x44.png 768w\" sizes=\"(max-width: 1178px) 100vw, 1178px\" \/>\t\t\t\t\t\t\t\t\t\t\t\t\t\t\t<\/div>\n\t\t\t\t<\/div>\n\t\t\t\t<div class=\"elementor-element elementor-element-a06de3d jltma-glass-effect-no elementor-widget elementor-widget-text-editor\" data-id=\"a06de3d\" data-element_type=\"widget\" data-e-type=\"widget\" data-widget_type=\"text-editor.default\">\n\t\t\t\t<div class=\"elementor-widget-container\">\n\t\t\t\t\t\t\t\t\t<p>Multim\u00e9dia<\/p><p><a href=\"https:\/\/www.youtube.com\/watch?v=W7KZuYJeYuI&amp;feature=youtu.be\" target=\"_blank\" rel=\"noopener\"><strong>Debate<\/strong><\/a><\/p><p><a href=\"https:\/\/youtu.be\/T7Wx_tWRq0A\" target=\"_blank\" rel=\"noopener\"><strong>M\u00fasicas<\/strong><\/a><\/p><p><a href=\"https:\/\/youtu.be\/ajzzV0J3XCM\" target=\"_blank\" rel=\"noopener\"><strong>V\u00eddeo Literacia F\u00edlmica<\/strong><\/a><\/p><p><a href=\"https:\/\/www.gilm.pt\/7diascomosmedia\/vozes-da-iniciativa\/\" target=\"_blank\" rel=\"noopener\"><strong>Vozes da Iniciativa<\/strong><\/a><\/p>\t\t\t\t\t\t\t\t<\/div>\n\t\t\t\t<\/div>\n\t\t\t\t<div class=\"elementor-element elementor-element-1061cae jltma-glass-effect-no elementor-widget elementor-widget-image\" data-id=\"1061cae\" data-element_type=\"widget\" data-e-type=\"widget\" data-widget_type=\"image.default\">\n\t\t\t\t<div class=\"elementor-widget-container\">\n\t\t\t\t\t\t\t\t\t\t\t\t\t\t\t<img loading=\"lazy\" decoding=\"async\" width=\"1178\" height=\"67\" src=\"https:\/\/www.gilm.pt\/7diascomosmedia\/wp-content\/uploads\/2024\/03\/Ativo-42503.png\" class=\"attachment-full size-full wp-image-1790\" alt=\"\" srcset=\"https:\/\/www.gilm.pt\/7diascomosmedia\/wp-content\/uploads\/2024\/03\/Ativo-42503.png 1178w, https:\/\/www.gilm.pt\/7diascomosmedia\/wp-content\/uploads\/2024\/03\/Ativo-42503-300x17.png 300w, https:\/\/www.gilm.pt\/7diascomosmedia\/wp-content\/uploads\/2024\/03\/Ativo-42503-1024x58.png 1024w, https:\/\/www.gilm.pt\/7diascomosmedia\/wp-content\/uploads\/2024\/03\/Ativo-42503-768x44.png 768w\" sizes=\"(max-width: 1178px) 100vw, 1178px\" \/>\t\t\t\t\t\t\t\t\t\t\t\t\t\t\t<\/div>\n\t\t\t\t<\/div>\n\t\t\t\t<div class=\"elementor-element elementor-element-409f58f jltma-glass-effect-no elementor-widget elementor-widget-text-editor\" data-id=\"409f58f\" data-element_type=\"widget\" data-e-type=\"widget\" data-widget_type=\"text-editor.default\">\n\t\t\t\t<div class=\"elementor-widget-container\">\n\t\t\t\t\t\t\t\t\t<p>S\u00edtios de interesse (com sugest\u00f5es de materiais e atividades):<\/p><p><a href=\"https:\/\/www.rbe.mec.pt\/np4\/AprendercBE.html\" target=\"_blank\" rel=\"noopener\"><strong>Aprender com a biblioteca escolar: atividades e recursos<\/strong><\/a><\/p><p><a href=\"https:\/\/www.internetsegura.pt\/\" target=\"_blank\" rel=\"noopener\"><strong>Centro Internet Segura<\/strong><\/a><\/p><p><a href=\"https:\/\/padlet.com\/isabel_nina\/fake_news\" target=\"_blank\" rel=\"noopener\"><strong>Fake News \u2013 partindo das dimens\u00f5es da Literacia para os Media, por Isabel Nina, RBE<\/strong><\/a><\/p><p><a href=\"https:\/\/verdadeoumentira.dge.mec.pt\/\" target=\"_blank\" rel=\"noopener\"><strong>Jogo pedag\u00f3gico sobre desinforma\u00e7\u00e3o<\/strong><\/a><\/p><p><a href=\"http:\/\/milobs.pt\/\" target=\"_blank\" rel=\"noopener\"><strong>MILObs \u2013 Observat\u00f3rio de Media, Informa\u00e7\u00e3o e Literacia<\/strong><\/a><\/p><p><a href=\"https:\/\/leme.gov.pt\/\" target=\"_blank\" rel=\"noopener\"><strong>LEME \u2013 Literacia e Educa\u00e7\u00e3o Medi\u00e1tica Em linha<\/strong><\/a><\/p><p><a href=\"https:\/\/piccle.pnl2027.gov.pt\/\" target=\"_blank\" rel=\"noopener\"><strong>PICCLE \u2013 Plano de Interven\u00e7\u00e3o Cidad\u00e3os Competentes em Leitura e Escrita<\/strong><\/a><\/p><p><a href=\"https:\/\/www.publico.pt\/publico-na-escola\" target=\"_blank\" rel=\"noopener\"><strong>P\u00fablico na Escola<\/strong><\/a><\/p><p><a href=\"https:\/\/www.youtube.com\/playlist?list=PLDcpDwLGFE76fRBLmo_KJTTmg5Kdz6-vM\" target=\"_blank\" rel=\"noopener\"><strong>Recursos sobre a produ\u00e7\u00e3o v\u00eddeo<\/strong><\/a><\/p><p><a href=\"https:\/\/www.seguranet.pt\/\" target=\"_blank\" rel=\"noopener\"><strong>SeguraNet \u2013 Navegar em seguran\u00e7a<\/strong><\/a><\/p>\t\t\t\t\t\t\t\t<\/div>\n\t\t\t\t<\/div>\n\t\t\t\t\t<\/div>\n\t\t\t\t<\/div>\n\t\t\t\t\t<\/div>\n\t\t\t\t<\/div>\n\t\t\t\t<\/div>\n\t\t","protected":false},"excerpt":{"rendered":"<p>Desafios e Recursos Desafios Desafios 7 Dias com os Media 2026 Referenciais\/outros documentos: Referencial de Educa\u00e7\u00e3o para os Media Aprender com a Biblioteca Escolar Biblioteca escolar digital \u2013 Tutoriais informa\u00e7\u00e3o e media Multim\u00e9dia Debate M\u00fasicas V\u00eddeo Literacia F\u00edlmica Vozes da Iniciativa S\u00edtios de interesse (com sugest\u00f5es de materiais e atividades): Aprender com a biblioteca escolar: [&hellip;]<\/p>\n","protected":false},"author":1,"featured_media":0,"parent":0,"menu_order":0,"comment_status":"closed","ping_status":"closed","template":"","meta":{"om_disable_all_campaigns":false,"site-sidebar-layout":"no-sidebar","site-content-layout":"page-builder","ast-site-content-layout":"default","site-content-style":"default","site-sidebar-style":"default","ast-global-header-display":"","ast-banner-title-visibility":"","ast-main-header-display":"","ast-hfb-above-header-display":"","ast-hfb-below-header-display":"","ast-hfb-mobile-header-display":"","site-post-title":"disabled","ast-breadcrumbs-content":"","ast-featured-img":"disabled","footer-sml-layout":"","ast-disable-related-posts":"","theme-transparent-header-meta":"enabled","adv-header-id-meta":"","stick-header-meta":"","header-above-stick-meta":"","header-main-stick-meta":"","header-below-stick-meta":"","astra-migrate-meta-layouts":"default","ast-page-background-enabled":"default","ast-page-background-meta":{"desktop":{"background-color":"var(--ast-global-color-4)","background-image":"","background-repeat":"repeat","background-position":"center center","background-size":"auto","background-attachment":"scroll","background-type":"","background-media":"","overlay-type":"","overlay-color":"","overlay-opacity":"","overlay-gradient":""},"tablet":{"background-color":"","background-image":"","background-repeat":"repeat","background-position":"center center","background-size":"auto","background-attachment":"scroll","background-type":"","background-media":"","overlay-type":"","overlay-color":"","overlay-opacity":"","overlay-gradient":""},"mobile":{"background-color":"","background-image":"","background-repeat":"repeat","background-position":"center center","background-size":"auto","background-attachment":"scroll","background-type":"","background-media":"","overlay-type":"","overlay-color":"","overlay-opacity":"","overlay-gradient":""}},"ast-content-background-meta":{"desktop":{"background-color":"var(--ast-global-color-5)","background-image":"","background-repeat":"repeat","background-position":"center center","background-size":"auto","background-attachment":"scroll","background-type":"","background-media":"","overlay-type":"","overlay-color":"","overlay-opacity":"","overlay-gradient":""},"tablet":{"background-color":"var(--ast-global-color-5)","background-image":"","background-repeat":"repeat","background-position":"center center","background-size":"auto","background-attachment":"scroll","background-type":"","background-media":"","overlay-type":"","overlay-color":"","overlay-opacity":"","overlay-gradient":""},"mobile":{"background-color":"var(--ast-global-color-5)","background-image":"","background-repeat":"repeat","background-position":"center center","background-size":"auto","background-attachment":"scroll","background-type":"","background-media":"","overlay-type":"","overlay-color":"","overlay-opacity":"","overlay-gradient":""}},"footnotes":""},"class_list":["post-1788","page","type-page","status-publish","hentry"],"_links":{"self":[{"href":"https:\/\/www.gilm.pt\/7diascomosmedia\/wp-json\/wp\/v2\/pages\/1788","targetHints":{"allow":["GET"]}}],"collection":[{"href":"https:\/\/www.gilm.pt\/7diascomosmedia\/wp-json\/wp\/v2\/pages"}],"about":[{"href":"https:\/\/www.gilm.pt\/7diascomosmedia\/wp-json\/wp\/v2\/types\/page"}],"author":[{"embeddable":true,"href":"https:\/\/www.gilm.pt\/7diascomosmedia\/wp-json\/wp\/v2\/users\/1"}],"replies":[{"embeddable":true,"href":"https:\/\/www.gilm.pt\/7diascomosmedia\/wp-json\/wp\/v2\/comments?post=1788"}],"version-history":[{"count":5,"href":"https:\/\/www.gilm.pt\/7diascomosmedia\/wp-json\/wp\/v2\/pages\/1788\/revisions"}],"predecessor-version":[{"id":4280,"href":"https:\/\/www.gilm.pt\/7diascomosmedia\/wp-json\/wp\/v2\/pages\/1788\/revisions\/4280"}],"wp:attachment":[{"href":"https:\/\/www.gilm.pt\/7diascomosmedia\/wp-json\/wp\/v2\/media?parent=1788"}],"curies":[{"name":"wp","href":"https:\/\/api.w.org\/{rel}","templated":true}]}}