{"id":1777,"date":"2024-03-25T11:35:02","date_gmt":"2024-03-25T11:35:02","guid":{"rendered":"https:\/\/www.gilm.pt\/7diascomosmedia\/?page_id=1777"},"modified":"2026-04-12T16:28:09","modified_gmt":"2026-04-12T16:28:09","slug":"como-participar","status":"publish","type":"page","link":"https:\/\/www.gilm.pt\/7diascomosmedia\/como-participar\/","title":{"rendered":"Como participar"},"content":{"rendered":"<style>.elementor-1777 .elementor-element.elementor-element-593c3ed{--display:flex;--flex-direction:column;--container-widget-width:100%;--container-widget-height:initial;--container-widget-flex-grow:0;--container-widget-align-self:initial;--flex-wrap-mobile:wrap;--padding-top:2rem;--padding-bottom:2rem;--padding-left:0rem;--padding-right:0rem;}.elementor-1777 .elementor-element.elementor-element-593c3ed:not(.elementor-motion-effects-element-type-background), .elementor-1777 .elementor-element.elementor-element-593c3ed > .elementor-motion-effects-container > .elementor-motion-effects-layer{background-color:#00AAEB;}.elementor-1777 .elementor-element.elementor-element-2fe31c9{--display:flex;--flex-direction:column;--container-widget-width:100%;--container-widget-height:initial;--container-widget-flex-grow:0;--container-widget-align-self:initial;--flex-wrap-mobile:wrap;--padding-top:5rem;--padding-bottom:4rem;--padding-left:0rem;--padding-right:0rem;}.elementor-1777 .elementor-element.elementor-element-7855abb{--display:flex;}.elementor-1777 .elementor-element.elementor-element-d630277{text-align:center;}.elementor-1777 .elementor-element.elementor-element-d630277 .elementor-heading-title{font-family:\"Poppins\", Sans-serif;font-size:40px;font-weight:600;text-transform:uppercase;letter-spacing:1.5px;color:#98C73B;}.elementor-1777 .elementor-element.elementor-element-f4605ed .jltma-accordion-item{margin-bottom:15px;border-style:solid;border-width:1px 1px 1px 1px;border-color:#eeeeee;}.elementor-1777 .elementor-element.elementor-element-f4605ed .jltma-advanced-accordion .jltma-accordion-tab-title{color:var( --e-global-color-primary );font-family:\"Rethink Sans\", Sans-serif;font-size:20px;border-style:solid;border-width:1px 1px 1px 1px;border-radius:0px 0px 0px 0px;box-shadow:0px 0px 10px 0px rgba(0, 0, 0, 0);}.elementor-1777 .elementor-element.elementor-element-f4605ed .jltma-advanced-accordion .jltma-accordion-title-text{text-align:left;}.elementor-1777 .elementor-element.elementor-element-f4605ed .jltma-advanced-accordion .jltma-accordion-item .jltma-accordion-tab-content,\n\t\t\t\t\t\t.elementor-1777 .elementor-element.elementor-element-f4605ed .jltma-advanced-accordion .jltma-accordion-item .jltma-accordion-tab-content p{color:#333;}.elementor-1777 .elementor-element.elementor-element-f4605ed .jltma-advanced-accordion .jltma-accordion-item .jltma-accordion-tab-content{font-family:\"Gotham\", Sans-serif;}.elementor-1777 .elementor-element.elementor-element-f4605ed .jltma-advanced-accordion .jltma-accordion-tab-title .jltma-accordion-toggle-icon{font-size:16px;color:var( --e-global-color-primary );}.elementor-1777 .elementor-element.elementor-element-f4605ed .ma-accordion-icon-align-left .jltma-accordion-tab-title .jltma-accordion-toggle-icon{margin-left:10px;}.elementor-1777 .elementor-element.elementor-element-f4605ed .ma-accordion-icon-align-right .jltma-accordion-tab-title .jltma-accordion-toggle-icon{margin-right:10px;}.elementor-1777 .elementor-element.elementor-element-d544803{--display:flex;--flex-direction:column;--container-widget-width:100%;--container-widget-height:initial;--container-widget-flex-grow:0;--container-widget-align-self:initial;--flex-wrap-mobile:wrap;--margin-top:0rem;--margin-bottom:0rem;--margin-left:0rem;--margin-right:0rem;--padding-top:0rem;--padding-bottom:8rem;--padding-left:0rem;--padding-right:0rem;}.elementor-1777 .elementor-element.elementor-element-53c9e56 .elementor-wrapper{--video-aspect-ratio:1.77777;}:root{--page-title-display:none;}<\/style>\t\t<div data-elementor-type=\"wp-page\" data-elementor-id=\"1777\" class=\"elementor elementor-1777\" data-elementor-settings=\"{&quot;ha_cmc_init_switcher&quot;:&quot;no&quot;}\" data-elementor-post-type=\"page\">\n\t\t\t\t<div class=\"has_eae_slider elementor-element elementor-element-593c3ed e-flex e-con-boxed jltma-glass-effect-no e-con e-parent\" data-eae-slider=\"23217\" data-particle_enable=\"false\" data-particle-mobile-disabled=\"false\" data-id=\"593c3ed\" data-element_type=\"container\" data-e-type=\"container\" data-settings=\"{&quot;background_background&quot;:&quot;classic&quot;,&quot;_ha_eqh_enable&quot;:false}\">\n\t\t\t\t\t<div class=\"e-con-inner\">\n\t\t\t\t\t<\/div>\n\t\t\t\t<\/div>\n\t\t<div class=\"has_eae_slider elementor-element elementor-element-2fe31c9 e-flex e-con-boxed jltma-glass-effect-no e-con e-parent\" data-eae-slider=\"98378\" data-particle_enable=\"false\" data-particle-mobile-disabled=\"false\" data-id=\"2fe31c9\" data-element_type=\"container\" data-e-type=\"container\" data-settings=\"{&quot;_ha_eqh_enable&quot;:false}\">\n\t\t\t\t\t<div class=\"e-con-inner\">\n\t\t<div class=\"has_eae_slider elementor-element elementor-element-7855abb e-flex e-con-boxed jltma-glass-effect-no e-con e-child\" data-eae-slider=\"3359\" data-particle_enable=\"false\" data-particle-mobile-disabled=\"false\" data-id=\"7855abb\" data-element_type=\"container\" data-e-type=\"container\" data-settings=\"{&quot;_ha_eqh_enable&quot;:false}\">\n\t\t\t\t\t<div class=\"e-con-inner\">\n\t\t\t\t<div class=\"elementor-element elementor-element-d630277 jltma-glass-effect-no elementor-widget elementor-widget-heading\" data-id=\"d630277\" data-element_type=\"widget\" data-e-type=\"widget\" data-widget_type=\"heading.default\">\n\t\t\t\t<div class=\"elementor-widget-container\">\n\t\t\t\t\t<h2 class=\"elementor-heading-title elementor-size-default\">COMO PARTICIPAR<\/h2>\t\t\t\t<\/div>\n\t\t\t\t<\/div>\n\t\t\t\t<div class=\"elementor-element elementor-element-f4605ed jltma-glass-effect-no elementor-widget elementor-widget-ma-advanced-accordion jltma-addon ma-advanced-accordion\" data-id=\"f4605ed\" data-element_type=\"widget\" data-e-type=\"widget\" data-settings=\"{&quot;accordion_type&quot;:&quot;accordion&quot;,&quot;toggle_speed&quot;:300}\" data-widget_type=\"ma-advanced-accordion.default\">\n\t\t\t\t<div class=\"elementor-widget-container\">\n\t\t\t\t\t\n\t\t<div class=\"jltma-advanced-accordion\" id=\"jltma-advanced-accordion-f4605ed\" data-accordion-id=\"f4605ed\" \t\tdata-accordion-id=\"f4605ed\">\n\t\t\t<div class=\"ma-accordion-wrap ma-accordion-icon-align-right ma-accordion-f4605ed\"\">\n\n\t\t\t\t\n\t\t\t\t\t<div\n\t\t\t\t\t\tclass=\"jltma-accordion-item elementor-repeater-item-4dd5bef \">\n\t\t\t\t\t\t<div id=\"jltma-accordion-tab-title-2561\" class=\"jltma-accordion-tab-title jltma-accordion-header\" tabindex=\"2561\" data-tab=\"1\" role=\"tab\" aria-controls=\"jltma-accordion-tab-content-2561\">\n\t\t\t\t\t\t\t<div class=\"jltma-accordion-title-icon\">\n\n\t\t\t\t\t\t\t\t\n\t\t\t\t\t\t\t\t<div class=\"jltma-accordion-title-text\">\n\t\t\t\t\t\t\t\t\tQuem pode participar?\t\t\t\t\t\t\t\t<\/div>\n\t\t\t\t\t\t\t<\/div>\n\n\t\t\t\t\t\t\t\t\t\t\t\t\t\t\t\t<span class=\"jltma-accordion-toggle-icon\">\n\t\t\t\t\t\t\t\t\t\t<i aria-hidden=\"true\" class=\"jltma-el-accordion-icon-closed fas fa-minus\"><\/i><i aria-hidden=\"true\" class=\"jltma-el-accordion-icon-opened fas fa-plus\"><\/i>\t\t\t\t\t\t\t\t\t<\/span>\n\t\t\t\t\t\t\t\t\n\t\t\t\t\t\t<\/div>\n\n\t\t\t\t\t\t<div id=\"jltma-accordion-tab-content-2561\" class=\"jltma-accordion-tab-content\" data-tab=\"1\" role=\"tabpanel\" aria-labelledby=\"jltma-accordion-tab-title-2561\">\n\t\t\t\t\t\t\t<p>Podem participar todos os interessados em desenvolver projetos\/atividades, alinhados com os objetivos propostos. As edi\u00e7\u00f5es anteriores revelaram participantes muito diversos e esse \u00e9 um objetivo a manter: escolas, associa\u00e7\u00f5es, bibliotecas, clubes, meios de comunica\u00e7\u00e3o social, universidades, fam\u00edlias, entre outros.<\/p>\t\t\t\t\t\t<\/div>\n\n\t\t\t\t\t<\/div>\n\t\t\t\t\n\t\t\t\t\t<div\n\t\t\t\t\t\tclass=\"jltma-accordion-item elementor-repeater-item-6d9b126 \">\n\t\t\t\t\t\t<div id=\"jltma-accordion-tab-title-2562\" class=\"jltma-accordion-tab-title jltma-accordion-header\" tabindex=\"2562\" data-tab=\"2\" role=\"tab\" aria-controls=\"jltma-accordion-tab-content-2562\">\n\t\t\t\t\t\t\t<div class=\"jltma-accordion-title-icon\">\n\n\t\t\t\t\t\t\t\t\n\t\t\t\t\t\t\t\t<div class=\"jltma-accordion-title-text\">\n\t\t\t\t\t\t\t\t\tQuais os formatos dos projetos\/iniciativas?\t\t\t\t\t\t\t\t<\/div>\n\t\t\t\t\t\t\t<\/div>\n\n\t\t\t\t\t\t\t\t\t\t\t\t\t\t\t\t<span class=\"jltma-accordion-toggle-icon\">\n\t\t\t\t\t\t\t\t\t\t<i aria-hidden=\"true\" class=\"jltma-el-accordion-icon-closed fas fa-minus\"><\/i><i aria-hidden=\"true\" class=\"jltma-el-accordion-icon-opened fas fa-plus\"><\/i>\t\t\t\t\t\t\t\t\t<\/span>\n\t\t\t\t\t\t\t\t\n\t\t\t\t\t\t<\/div>\n\n\t\t\t\t\t\t<div id=\"jltma-accordion-tab-content-2562\" class=\"jltma-accordion-tab-content\" data-tab=\"2\" role=\"tabpanel\" aria-labelledby=\"jltma-accordion-tab-title-2562\">\n\t\t\t\t\t\t\t<p>Ser\u00e3o validados todos os formatos que os participantes escolherem (semin\u00e1rios, confer\u00eancias, tert\u00falias, debates, entrevistas, not\u00edcias,\u00a0<em>podcasts<\/em>,\u00a0<em>vlogs<\/em>, m\u00fasicas, desenhos, fotografias, cartazes, v\u00eddeos), o limite continua a ser a criatividade.<\/p>\t\t\t\t\t\t<\/div>\n\n\t\t\t\t\t<\/div>\n\t\t\t\t\n\t\t\t\t\t<div\n\t\t\t\t\t\tclass=\"jltma-accordion-item elementor-repeater-item-e96a6da \">\n\t\t\t\t\t\t<div id=\"jltma-accordion-tab-title-2563\" class=\"jltma-accordion-tab-title jltma-accordion-header\" tabindex=\"2563\" data-tab=\"3\" role=\"tab\" aria-controls=\"jltma-accordion-tab-content-2563\">\n\t\t\t\t\t\t\t<div class=\"jltma-accordion-title-icon\">\n\n\t\t\t\t\t\t\t\t\n\t\t\t\t\t\t\t\t<div class=\"jltma-accordion-title-text\">\n\t\t\t\t\t\t\t\t\tQuantas iniciativas podem ser registadas por cada participante?\t\t\t\t\t\t\t\t<\/div>\n\t\t\t\t\t\t\t<\/div>\n\n\t\t\t\t\t\t\t\t\t\t\t\t\t\t\t\t<span class=\"jltma-accordion-toggle-icon\">\n\t\t\t\t\t\t\t\t\t\t<i aria-hidden=\"true\" class=\"jltma-el-accordion-icon-closed fas fa-minus\"><\/i><i aria-hidden=\"true\" class=\"jltma-el-accordion-icon-opened fas fa-plus\"><\/i>\t\t\t\t\t\t\t\t\t<\/span>\n\t\t\t\t\t\t\t\t\n\t\t\t\t\t\t<\/div>\n\n\t\t\t\t\t\t<div id=\"jltma-accordion-tab-content-2563\" class=\"jltma-accordion-tab-content\" data-tab=\"3\" role=\"tabpanel\" aria-labelledby=\"jltma-accordion-tab-title-2563\">\n\t\t\t\t\t\t\t<p>N\u00e3o h\u00e1 um n\u00famero limite.<\/p>\t\t\t\t\t\t<\/div>\n\n\t\t\t\t\t<\/div>\n\t\t\t\t\n\t\t\t\t\t<div\n\t\t\t\t\t\tclass=\"jltma-accordion-item elementor-repeater-item-3252f7e \">\n\t\t\t\t\t\t<div id=\"jltma-accordion-tab-title-2564\" class=\"jltma-accordion-tab-title jltma-accordion-header\" tabindex=\"2564\" data-tab=\"4\" role=\"tab\" aria-controls=\"jltma-accordion-tab-content-2564\">\n\t\t\t\t\t\t\t<div class=\"jltma-accordion-title-icon\">\n\n\t\t\t\t\t\t\t\t\n\t\t\t\t\t\t\t\t<div class=\"jltma-accordion-title-text\">\n\t\t\t\t\t\t\t\t\tComo registar as iniciativas\/projetos?\t\t\t\t\t\t\t\t<\/div>\n\t\t\t\t\t\t\t<\/div>\n\n\t\t\t\t\t\t\t\t\t\t\t\t\t\t\t\t<span class=\"jltma-accordion-toggle-icon\">\n\t\t\t\t\t\t\t\t\t\t<i aria-hidden=\"true\" class=\"jltma-el-accordion-icon-closed fas fa-minus\"><\/i><i aria-hidden=\"true\" class=\"jltma-el-accordion-icon-opened fas fa-plus\"><\/i>\t\t\t\t\t\t\t\t\t<\/span>\n\t\t\t\t\t\t\t\t\n\t\t\t\t\t\t<\/div>\n\n\t\t\t\t\t\t<div id=\"jltma-accordion-tab-content-2564\" class=\"jltma-accordion-tab-content\" data-tab=\"4\" role=\"tabpanel\" aria-labelledby=\"jltma-accordion-tab-title-2564\">\n\t\t\t\t\t\t\t<p>Regista a iniciativa <a href=\"https:\/\/docs.google.com\/forms\/d\/e\/1FAIpQLSeNqektMfVasP-hFD2JDD5kmUtuJEKXx1_HUhOKizcbZS7fQA\/viewform?usp=header\" target=\"_blank\" rel=\"noopener\">aqui<\/a>.<\/p>\t\t\t\t\t\t<\/div>\n\n\t\t\t\t\t<\/div>\n\t\t\t\t\n\t\t\t\t\t<div\n\t\t\t\t\t\tclass=\"jltma-accordion-item elementor-repeater-item-2d29415 \">\n\t\t\t\t\t\t<div id=\"jltma-accordion-tab-title-2565\" class=\"jltma-accordion-tab-title jltma-accordion-header\" tabindex=\"2565\" data-tab=\"5\" role=\"tab\" aria-controls=\"jltma-accordion-tab-content-2565\">\n\t\t\t\t\t\t\t<div class=\"jltma-accordion-title-icon\">\n\n\t\t\t\t\t\t\t\t\n\t\t\t\t\t\t\t\t<div class=\"jltma-accordion-title-text\">\n\t\t\t\t\t\t\t\t\tCrit\u00e9rios a cumprir pelas atividades\/projetos a registar\t\t\t\t\t\t\t\t<\/div>\n\t\t\t\t\t\t\t<\/div>\n\n\t\t\t\t\t\t\t\t\t\t\t\t\t\t\t\t<span class=\"jltma-accordion-toggle-icon\">\n\t\t\t\t\t\t\t\t\t\t<i aria-hidden=\"true\" class=\"jltma-el-accordion-icon-closed fas fa-minus\"><\/i><i aria-hidden=\"true\" class=\"jltma-el-accordion-icon-opened fas fa-plus\"><\/i>\t\t\t\t\t\t\t\t\t<\/span>\n\t\t\t\t\t\t\t\t\n\t\t\t\t\t\t<\/div>\n\n\t\t\t\t\t\t<div id=\"jltma-accordion-tab-content-2565\" class=\"jltma-accordion-tab-content\" data-tab=\"5\" role=\"tabpanel\" aria-labelledby=\"jltma-accordion-tab-title-2565\">\n\t\t\t\t\t\t\t<p>Ser\u00e3o publicadas as atividades\/projetos que cumpram, cumulativamente, os seguintes crit\u00e9rios:<\/p><ul><li>Apresentem uma rela\u00e7\u00e3o com tem\u00e1ticas inerentes ao universo da literacia medi\u00e1tica;<\/li><li>Promovam o uso consciente e refletido dos media;<\/li><li>N\u00e3o se esgotem na simples utiliza\u00e7\u00e3o de meios tecnol\u00f3gicos;<\/li><li>Apliquem padr\u00f5es \u00e9ticos e valores humanistas nas cria\u00e7\u00f5es, produ\u00e7\u00f5es, publica\u00e7\u00f5es e partilha de conte\u00fados submetidos;<\/li><li>N\u00e3o visem fins meramente comerciais;<\/li><li>Acautelem os direitos de prote\u00e7\u00e3o de dados;<\/li><li>Respeitem os direitos humanos fundamentais, a dignidade humana e os valores c\u00edvicos.<\/li><\/ul>\t\t\t\t\t\t<\/div>\n\n\t\t\t\t\t<\/div>\n\t\t\t\t\t\t\t<\/div>\n\t\t<\/div>\n\t\t\t\t\t\t<\/div>\n\t\t\t\t<\/div>\n\t\t\t\t\t<\/div>\n\t\t\t\t<\/div>\n\t\t\t\t\t<\/div>\n\t\t\t\t<\/div>\n\t\t<div class=\"has_eae_slider elementor-element elementor-element-d544803 e-flex e-con-boxed jltma-glass-effect-no e-con e-parent\" data-eae-slider=\"89703\" data-particle_enable=\"false\" data-particle-mobile-disabled=\"false\" data-id=\"d544803\" data-element_type=\"container\" data-e-type=\"container\" data-settings=\"{&quot;_ha_eqh_enable&quot;:false}\">\n\t\t\t\t\t<div class=\"e-con-inner\">\n\t\t\t\t<div class=\"elementor-element elementor-element-53c9e56 jltma-glass-effect-no elementor-widget elementor-widget-video\" data-id=\"53c9e56\" data-element_type=\"widget\" data-e-type=\"widget\" data-settings=\"{&quot;video_type&quot;:&quot;hosted&quot;,&quot;autoplay&quot;:&quot;yes&quot;,&quot;mute&quot;:&quot;yes&quot;,&quot;controls&quot;:&quot;yes&quot;}\" data-widget_type=\"video.default\">\n\t\t\t\t<div class=\"elementor-widget-container\">\n\t\t\t\t\t\t\t<div class=\"e-hosted-video elementor-wrapper elementor-open-inline\">\n\t\t\t\t\t<video class=\"elementor-video\" src=\"https:\/\/www.gilm.pt\/7diascomosmedia\/wp-content\/uploads\/2024\/04\/GILM_V%C3%ADdeoGeralIniciativa_V2.mp4\" autoplay=\"\" controls=\"\" muted=\"muted\" controlsList=\"nodownload\"><\/video>\n\t\t\t\t<\/div>\n\t\t\t\t\t\t<\/div>\n\t\t\t\t<\/div>\n\t\t\t\t\t<\/div>\n\t\t\t\t<\/div>\n\t\t\t\t<\/div>\n\t\t","protected":false},"excerpt":{"rendered":"<p>COMO PARTICIPAR Quem pode participar? Podem participar todos os interessados em desenvolver projetos\/atividades, alinhados com os objetivos propostos. As edi\u00e7\u00f5es anteriores revelaram participantes muito diversos e esse \u00e9 um objetivo a manter: escolas, associa\u00e7\u00f5es, bibliotecas, clubes, meios de comunica\u00e7\u00e3o social, universidades, fam\u00edlias, entre outros. Quais os formatos dos projetos\/iniciativas? Ser\u00e3o validados todos os formatos que [&hellip;]<\/p>\n","protected":false},"author":1,"featured_media":0,"parent":0,"menu_order":0,"comment_status":"closed","ping_status":"closed","template":"","meta":{"om_disable_all_campaigns":false,"site-sidebar-layout":"no-sidebar","site-content-layout":"page-builder","ast-site-content-layout":"default","site-content-style":"default","site-sidebar-style":"default","ast-global-header-display":"","ast-banner-title-visibility":"","ast-main-header-display":"","ast-hfb-above-header-display":"","ast-hfb-below-header-display":"","ast-hfb-mobile-header-display":"","site-post-title":"disabled","ast-breadcrumbs-content":"","ast-featured-img":"disabled","footer-sml-layout":"","ast-disable-related-posts":"","theme-transparent-header-meta":"enabled","adv-header-id-meta":"","stick-header-meta":"","header-above-stick-meta":"","header-main-stick-meta":"","header-below-stick-meta":"","astra-migrate-meta-layouts":"default","ast-page-background-enabled":"default","ast-page-background-meta":{"desktop":{"background-color":"var(--ast-global-color-4)","background-image":"","background-repeat":"repeat","background-position":"center center","background-size":"auto","background-attachment":"scroll","background-type":"","background-media":"","overlay-type":"","overlay-color":"","overlay-opacity":"","overlay-gradient":""},"tablet":{"background-color":"","background-image":"","background-repeat":"repeat","background-position":"center center","background-size":"auto","background-attachment":"scroll","background-type":"","background-media":"","overlay-type":"","overlay-color":"","overlay-opacity":"","overlay-gradient":""},"mobile":{"background-color":"","background-image":"","background-repeat":"repeat","background-position":"center center","background-size":"auto","background-attachment":"scroll","background-type":"","background-media":"","overlay-type":"","overlay-color":"","overlay-opacity":"","overlay-gradient":""}},"ast-content-background-meta":{"desktop":{"background-color":"var(--ast-global-color-5)","background-image":"","background-repeat":"repeat","background-position":"center center","background-size":"auto","background-attachment":"scroll","background-type":"","background-media":"","overlay-type":"","overlay-color":"","overlay-opacity":"","overlay-gradient":""},"tablet":{"background-color":"var(--ast-global-color-5)","background-image":"","background-repeat":"repeat","background-position":"center center","background-size":"auto","background-attachment":"scroll","background-type":"","background-media":"","overlay-type":"","overlay-color":"","overlay-opacity":"","overlay-gradient":""},"mobile":{"background-color":"var(--ast-global-color-5)","background-image":"","background-repeat":"repeat","background-position":"center center","background-size":"auto","background-attachment":"scroll","background-type":"","background-media":"","overlay-type":"","overlay-color":"","overlay-opacity":"","overlay-gradient":""}},"footnotes":""},"class_list":["post-1777","page","type-page","status-publish","hentry"],"_links":{"self":[{"href":"https:\/\/www.gilm.pt\/7diascomosmedia\/wp-json\/wp\/v2\/pages\/1777","targetHints":{"allow":["GET"]}}],"collection":[{"href":"https:\/\/www.gilm.pt\/7diascomosmedia\/wp-json\/wp\/v2\/pages"}],"about":[{"href":"https:\/\/www.gilm.pt\/7diascomosmedia\/wp-json\/wp\/v2\/types\/page"}],"author":[{"embeddable":true,"href":"https:\/\/www.gilm.pt\/7diascomosmedia\/wp-json\/wp\/v2\/users\/1"}],"replies":[{"embeddable":true,"href":"https:\/\/www.gilm.pt\/7diascomosmedia\/wp-json\/wp\/v2\/comments?post=1777"}],"version-history":[{"count":5,"href":"https:\/\/www.gilm.pt\/7diascomosmedia\/wp-json\/wp\/v2\/pages\/1777\/revisions"}],"predecessor-version":[{"id":4215,"href":"https:\/\/www.gilm.pt\/7diascomosmedia\/wp-json\/wp\/v2\/pages\/1777\/revisions\/4215"}],"wp:attachment":[{"href":"https:\/\/www.gilm.pt\/7diascomosmedia\/wp-json\/wp\/v2\/media?parent=1777"}],"curies":[{"name":"wp","href":"https:\/\/api.w.org\/{rel}","templated":true}]}}